{"id":6,"date":"2019-03-04T14:21:05","date_gmt":"2019-03-04T13:21:05","guid":{"rendered":"https:\/\/vanvtclausanne.ch\/?page_id=6"},"modified":"2025-11-26T10:01:08","modified_gmt":"2025-11-26T09:01:08","slug":"legal-notices","status":"publish","type":"page","link":"https:\/\/vanvtclausanne.ch\/en\/mentions-legales\/","title":{"rendered":"Legal Notices"},"content":{"rendered":"<div data-elementor-type=\"wp-post\" data-elementor-id=\"6\" class=\"elementor elementor-6\" data-elementor-post-type=\"page\">\n\t\t\t\t\t\t<section class=\"elementor-section elementor-top-section elementor-element elementor-element-54f5c60e elementor-section-boxed elementor-section-height-default elementor-section-height-default\" data-id=\"54f5c60e\" data-element_type=\"section\" data-e-type=\"section\">\n\t\t\t\t\t\t<div class=\"elementor-container elementor-column-gap-default\">\n\t\t\t\t\t<div class=\"elementor-column elementor-col-100 elementor-top-column elementor-element elementor-element-7d9616b2\" data-id=\"7d9616b2\" data-element_type=\"column\" data-e-type=\"column\">\n\t\t\t<div class=\"elementor-widget-wrap elementor-element-populated\">\n\t\t\t\t\t\t<div class=\"elementor-element elementor-element-41cf098b elementor-widget elementor-widget-text-editor\" data-id=\"41cf098b\" data-element_type=\"widget\" data-e-type=\"widget\" data-widget_type=\"text-editor.default\">\n\t\t\t\t<div class=\"elementor-widget-container\">\n\t\t\t\t\t\t\t\t\t<p><b>The site of <a href=\"https:\/\/vanvtclausanne.ch\/en\/\">vanvtclausanne.ch<\/a>\u00a0is published by:<\/b><\/p><p>WebAudit France<br \/>6 avenue Jean Jaur\u00e8s, 73000 Chamb\u00e9ry<br \/>Limited liability company with a capital of \u20ac600<br \/>RCS Chamb\u00e9ry 823 628 698<br \/>contact(@)webaudit.fr<\/p><p><strong>The site <a href=\"https:\/\/vanvtclausanne.ch\/en\/\">vanvtclausanne.ch<\/a> is published for:<\/strong><\/p><p>Company name: FairTransfert S\u00e0rl<br \/>Trade name: Allo Chauffeur Van VTC Lausanne (&amp; Airport)<br \/>Address: Chemin des Lentilli\u00e8res 11 E, 1023 Crissier<br \/>Company number: che-495.106.981<br \/>VAT number: n\/a<br \/>Date of creation: 07.11.2018<br \/>Share capital: 20,000 CHF<br \/>Publishing Director: Prosper Amouzougan<br \/>Telephone: (+41) 77 952 05 48<\/p><p>Find out more on <a href=\"https:\/\/annuaire-vtc-france.fr\/\">annuaire-vtc-france.fr<\/a> all of <a href=\"https:\/\/annuaire-vtc-france.fr\/vtc-suisse\/\">Private hire drivers in Switzerland<\/a>.<\/p><p><b>Hosting provider:<\/b><\/p><p>Infomaniak Network SA<br \/>25 Rue Eug\u00e8ne Marziano<br \/>1227 Les Acacias (GE)<br \/>Geneva Canton Commercial Register: CH-660.0.059.996-1<br \/>IDE number: CHE-103.167.648<br \/>VAT number: CHE-103.167.648<\/p><p><b>GDPR Regulations, Data Protection and Use of Cookies:<\/b><\/p><p>In accordance with the requirements of the General Data Protection Regulation (GDPR), we are committed to transparency and the protection of your personal data. For a clear understanding of how we collect, use, and protect your data, as well as our use of cookies to improve your experience on our website, please consult our <a href=\"#gdpr_cookie_modal\"><u>GDPR and Cookies Information Center<\/u><\/a>.<\/p><p>By clicking on this link, you will have access to our Privacy Statement and our Cookie Policy detailing our data protection and cookie usage practices, as well as your rights and choices regarding this information.<\/p><p><strong>Intellectual property<\/strong><\/p><p>All content on this site including, but not limited to, graphics, images, texts, videos, animations, sounds, logos, gifs and icons as well as their formatting are the exclusive property of WEBAUDIT FRANCE SARL with the exception of trademarks, logos or content belonging to other partner companies or authors.<\/p><p>Any reproduction, distribution, modification, adaptation, retransmission, or publication, even partial, of these elements is strictly prohibited without the express written consent of WEBAUDIT FRANCE SARL. Such representation or reproduction, by any means whatsoever, constitutes copyright infringement punishable under Articles L.335-2 et seq. of the French Intellectual Property Code. Failure to comply with this prohibition constitutes copyright infringement and may result in civil and criminal penalties. Furthermore, the owners of the copied content may take legal action against them.<\/p>\t\t\t\t\t\t\t\t<\/div>\n\t\t\t\t<\/div>\n\t\t\t\t\t<\/div>\n\t\t<\/div>\n\t\t\t\t\t<\/div>\n\t\t<\/section>\n\t\t\t\t<\/div>","protected":false},"excerpt":{"rendered":"<p>Le site de vanvtclausanne.ch\u00a0est \u00e9dit\u00e9 par : WebAudit France6 avenue Jean Jaur\u00e8s, 73000 Chamb\u00e9rySARL au capital de 600\u20acRCS Chamb\u00e9ry 823 628 698contact(@)webaudit.fr Le site vanvtclausanne.ch est \u00e9dit\u00e9 pour : Raison sociale\u202f: FairTransfert S\u00e0rlNom commercial\u202f: Allo Chauffeur Van VTC Lausanne (&amp; A\u00e9roport)Adresse\u202f: Chemin des Lentilli\u00e8res 11 E, 1023 CrissierNum\u00e9ro d\u2019entreprise\u202f: che-495.106.981Num\u00e9ro de TVA\u202f: naDate de cr\u00e9ation\u202f: [&hellip;]<\/p>\n","protected":false},"author":3,"featured_media":0,"parent":0,"menu_order":0,"comment_status":"closed","ping_status":"closed","template":"elementor_header_footer","meta":{"footnotes":""},"class_list":["post-6","page","type-page","status-publish","hentry"],"yoast_head":"<!-- This site is optimized with the Yoast SEO plugin v27.2 - https:\/\/yoast.com\/product\/yoast-seo-wordpress\/ -->\n<title>Mentions L\u00e9gales - Allo Chauffeur Van VTC Lausanne (&amp; A\u00e9roport)<\/title>\n<meta name=\"robots\" content=\"index, follow, max-snippet:-1, max-image-preview:large, max-video-preview:-1\" \/>\n<link rel=\"canonical\" href=\"https:\/\/vanvtclausanne.ch\/en\/legal-notices\/\" \/>\n<meta property=\"og:locale\" content=\"en_GB\" \/>\n<meta property=\"og:type\" content=\"article\" \/>\n<meta property=\"og:title\" content=\"Mentions L\u00e9gales - Allo Chauffeur Van VTC Lausanne (&amp; A\u00e9roport)\" \/>\n<meta property=\"og:description\" content=\"Le site de vanvtclausanne.ch\u00a0est \u00e9dit\u00e9 par : WebAudit France6 avenue Jean Jaur\u00e8s, 73000 Chamb\u00e9rySARL au capital de 600\u20acRCS Chamb\u00e9ry 823 628 698contact(@)webaudit.fr Le site vanvtclausanne.ch est \u00e9dit\u00e9 pour : Raison sociale\u202f: FairTransfert S\u00e0rlNom commercial\u202f: Allo Chauffeur Van VTC Lausanne (&amp; A\u00e9roport)Adresse\u202f: Chemin des Lentilli\u00e8res 11 E, 1023 CrissierNum\u00e9ro d\u2019entreprise\u202f: che-495.106.981Num\u00e9ro de TVA\u202f: naDate de cr\u00e9ation\u202f: [&hellip;]\" \/>\n<meta property=\"og:url\" content=\"https:\/\/vanvtclausanne.ch\/en\/legal-notices\/\" \/>\n<meta property=\"og:site_name\" content=\"Allo Chauffeur Van VTC Lausanne (&amp; A\u00e9roport)\" \/>\n<meta property=\"article:modified_time\" content=\"2025-11-26T09:01:08+00:00\" \/>\n<meta name=\"twitter:card\" content=\"summary_large_image\" \/>\n<meta name=\"twitter:label1\" content=\"Estimated reading time\" \/>\n\t<meta name=\"twitter:data1\" content=\"2 minutes\" \/>\n<script type=\"application\/ld+json\" class=\"yoast-schema-graph\">{\"@context\":\"https:\/\/schema.org\",\"@graph\":[{\"@type\":\"WebPage\",\"@id\":\"https:\/\/vanvtclausanne.ch\/mentions-legales\/\",\"url\":\"https:\/\/vanvtclausanne.ch\/mentions-legales\/\",\"name\":\"Mentions L\u00e9gales - Allo Chauffeur Van VTC Lausanne (&amp; A\u00e9roport)\",\"isPartOf\":{\"@id\":\"https:\/\/vanvtclausanne.ch\/#website\"},\"datePublished\":\"2019-03-04T13:21:05+00:00\",\"dateModified\":\"2025-11-26T09:01:08+00:00\",\"breadcrumb\":{\"@id\":\"https:\/\/vanvtclausanne.ch\/mentions-legales\/#breadcrumb\"},\"inLanguage\":\"en-GB\",\"potentialAction\":[{\"@type\":\"ReadAction\",\"target\":[\"https:\/\/vanvtclausanne.ch\/mentions-legales\/\"]}]},{\"@type\":\"BreadcrumbList\",\"@id\":\"https:\/\/vanvtclausanne.ch\/mentions-legales\/#breadcrumb\",\"itemListElement\":[{\"@type\":\"ListItem\",\"position\":1,\"name\":\"Accueil\",\"item\":\"https:\/\/vanvtclausanne.ch\/\"},{\"@type\":\"ListItem\",\"position\":2,\"name\":\"Mentions L\u00e9gales\"}]},{\"@type\":\"WebSite\",\"@id\":\"https:\/\/vanvtclausanne.ch\/#website\",\"url\":\"https:\/\/vanvtclausanne.ch\/\",\"name\":\"Allo Chauffeur Van VTC Lausanne (& A\u00e9roport)\",\"description\":\"R\u00e9server Chauffeur VTC \u00e0 Lausanne &amp; A\u00e9roport pour un transfert van de 1 \u00e0 7 passagers\",\"publisher\":{\"@id\":\"https:\/\/vanvtclausanne.ch\/#organization\"},\"potentialAction\":[{\"@type\":\"SearchAction\",\"target\":{\"@type\":\"EntryPoint\",\"urlTemplate\":\"https:\/\/vanvtclausanne.ch\/?s={search_term_string}\"},\"query-input\":{\"@type\":\"PropertyValueSpecification\",\"valueRequired\":true,\"valueName\":\"search_term_string\"}}],\"inLanguage\":\"en-GB\"},{\"@type\":\"Organization\",\"@id\":\"https:\/\/vanvtclausanne.ch\/#organization\",\"name\":\"Allo Chauffeur Van VTC Lausanne (& A\u00e9roport)\",\"url\":\"https:\/\/vanvtclausanne.ch\/\",\"logo\":{\"@type\":\"ImageObject\",\"inLanguage\":\"en-GB\",\"@id\":\"https:\/\/vanvtclausanne.ch\/#\/schema\/logo\/image\/\",\"url\":\"https:\/\/vanvtclausanne.ch\/wp-content\/uploads\/2025\/12\/logo-Allo-Chauffeur-Van-VTC-Lausanne-et-aeroports.webp\",\"contentUrl\":\"https:\/\/vanvtclausanne.ch\/wp-content\/uploads\/2025\/12\/logo-Allo-Chauffeur-Van-VTC-Lausanne-et-aeroports.webp\",\"width\":474,\"height\":100,\"caption\":\"Allo Chauffeur Van VTC Lausanne (& A\u00e9roport)\"},\"image\":{\"@id\":\"https:\/\/vanvtclausanne.ch\/#\/schema\/logo\/image\/\"}}]}<\/script>\n<!-- \/ Yoast SEO plugin. -->","yoast_head_json":{"title":"Legal Notice - Allo Chauffeur Van VTC Lausanne (&amp; Airport)","robots":{"index":"index","follow":"follow","max-snippet":"max-snippet:-1","max-image-preview":"max-image-preview:large","max-video-preview":"max-video-preview:-1"},"canonical":"https:\/\/vanvtclausanne.ch\/en\/legal-notices\/","og_locale":"en_GB","og_type":"article","og_title":"Mentions L\u00e9gales - Allo Chauffeur Van VTC Lausanne (&amp; A\u00e9roport)","og_description":"Le site de vanvtclausanne.ch\u00a0est \u00e9dit\u00e9 par : WebAudit France6 avenue Jean Jaur\u00e8s, 73000 Chamb\u00e9rySARL au capital de 600\u20acRCS Chamb\u00e9ry 823 628 698contact(@)webaudit.fr Le site vanvtclausanne.ch est \u00e9dit\u00e9 pour : Raison sociale\u202f: FairTransfert S\u00e0rlNom commercial\u202f: Allo Chauffeur Van VTC Lausanne (&amp; A\u00e9roport)Adresse\u202f: Chemin des Lentilli\u00e8res 11 E, 1023 CrissierNum\u00e9ro d\u2019entreprise\u202f: che-495.106.981Num\u00e9ro de TVA\u202f: naDate de cr\u00e9ation\u202f: [&hellip;]","og_url":"https:\/\/vanvtclausanne.ch\/en\/legal-notices\/","og_site_name":"Allo Chauffeur Van VTC Lausanne (&amp; A\u00e9roport)","article_modified_time":"2025-11-26T09:01:08+00:00","twitter_card":"summary_large_image","twitter_misc":{"Estimated reading time":"2 minutes"},"schema":{"@context":"https:\/\/schema.org","@graph":[{"@type":"WebPage","@id":"https:\/\/vanvtclausanne.ch\/mentions-legales\/","url":"https:\/\/vanvtclausanne.ch\/mentions-legales\/","name":"Legal Notice - Allo Chauffeur Van VTC Lausanne (&amp; Airport)","isPartOf":{"@id":"https:\/\/vanvtclausanne.ch\/#website"},"datePublished":"2019-03-04T13:21:05+00:00","dateModified":"2025-11-26T09:01:08+00:00","breadcrumb":{"@id":"https:\/\/vanvtclausanne.ch\/mentions-legales\/#breadcrumb"},"inLanguage":"en-GB","potentialAction":[{"@type":"ReadAction","target":["https:\/\/vanvtclausanne.ch\/mentions-legales\/"]}]},{"@type":"BreadcrumbList","@id":"https:\/\/vanvtclausanne.ch\/mentions-legales\/#breadcrumb","itemListElement":[{"@type":"ListItem","position":1,"name":"Accueil","item":"https:\/\/vanvtclausanne.ch\/"},{"@type":"ListItem","position":2,"name":"Mentions L\u00e9gales"}]},{"@type":"WebSite","@id":"https:\/\/vanvtclausanne.ch\/#website","url":"https:\/\/vanvtclausanne.ch\/","name":"Hello Chauffeur Van VTC Lausanne (&amp; Airport)","description":"Book a private driver in Lausanne &amp; Airport for a van transfer of 1 to 7 passengers","publisher":{"@id":"https:\/\/vanvtclausanne.ch\/#organization"},"potentialAction":[{"@type":"SearchAction","target":{"@type":"EntryPoint","urlTemplate":"https:\/\/vanvtclausanne.ch\/?s={search_term_string}"},"query-input":{"@type":"PropertyValueSpecification","valueRequired":true,"valueName":"search_term_string"}}],"inLanguage":"en-GB"},{"@type":"Organization","@id":"https:\/\/vanvtclausanne.ch\/#organization","name":"Hello Chauffeur Van VTC Lausanne (&amp; Airport)","url":"https:\/\/vanvtclausanne.ch\/","logo":{"@type":"ImageObject","inLanguage":"en-GB","@id":"https:\/\/vanvtclausanne.ch\/#\/schema\/logo\/image\/","url":"https:\/\/vanvtclausanne.ch\/wp-content\/uploads\/2025\/12\/logo-Allo-Chauffeur-Van-VTC-Lausanne-et-aeroports.webp","contentUrl":"https:\/\/vanvtclausanne.ch\/wp-content\/uploads\/2025\/12\/logo-Allo-Chauffeur-Van-VTC-Lausanne-et-aeroports.webp","width":474,"height":100,"caption":"Allo Chauffeur Van VTC Lausanne (& A\u00e9roport)"},"image":{"@id":"https:\/\/vanvtclausanne.ch\/#\/schema\/logo\/image\/"}}]}},"_links":{"self":[{"href":"https:\/\/vanvtclausanne.ch\/en\/wp-json\/wp\/v2\/pages\/6","targetHints":{"allow":["GET"]}}],"collection":[{"href":"https:\/\/vanvtclausanne.ch\/en\/wp-json\/wp\/v2\/pages"}],"about":[{"href":"https:\/\/vanvtclausanne.ch\/en\/wp-json\/wp\/v2\/types\/page"}],"author":[{"embeddable":true,"href":"https:\/\/vanvtclausanne.ch\/en\/wp-json\/wp\/v2\/users\/3"}],"replies":[{"embeddable":true,"href":"https:\/\/vanvtclausanne.ch\/en\/wp-json\/wp\/v2\/comments?post=6"}],"version-history":[{"count":9,"href":"https:\/\/vanvtclausanne.ch\/en\/wp-json\/wp\/v2\/pages\/6\/revisions"}],"predecessor-version":[{"id":3998,"href":"https:\/\/vanvtclausanne.ch\/en\/wp-json\/wp\/v2\/pages\/6\/revisions\/3998"}],"wp:attachment":[{"href":"https:\/\/vanvtclausanne.ch\/en\/wp-json\/wp\/v2\/media?parent=6"}],"curies":[{"name":"wp","href":"https:\/\/api.w.org\/{rel}","templated":true}]}}